{"id":39,"date":"2026-02-24T07:46:45","date_gmt":"2026-02-24T07:46:45","guid":{"rendered":"https:\/\/kangasniemenapteekki.xyz\/?page_id=39"},"modified":"2026-02-24T07:55:55","modified_gmt":"2026-02-24T07:55:55","slug":"linkkeja","status":"publish","type":"page","link":"https:\/\/kangasniemenapteekki.xyz\/?page_id=39","title":{"rendered":"Linkkej\u00e4"},"content":{"rendered":"<p>[et_pb_section fb_built=&#8221;1&#8243; theme_builder_area=&#8221;post_content&#8221; _builder_version=&#8221;4.27.5&#8243; _module_preset=&#8221;default&#8221; custom_padding=&#8221;1px|||||&#8221;][et_pb_row admin_label=&#8221;row&#8221; module_id=&#8221;palvelut&#8221; _builder_version=&#8221;4.27.5&#8243; background_size=&#8221;initial&#8221; background_position=&#8221;top_left&#8221; background_repeat=&#8221;repeat&#8221; global_colors_info=&#8221;{}&#8221; theme_builder_area=&#8221;post_content&#8221;][et_pb_column type=&#8221;4_4&#8243; _builder_version=&#8221;4.16&#8243; custom_padding=&#8221;|||&#8221; global_colors_info=&#8221;{}&#8221; custom_padding__hover=&#8221;|||&#8221; theme_builder_area=&#8221;post_content&#8221;][et_pb_text _builder_version=&#8221;4.27.5&#8243; _module_preset=&#8221;default&#8221; header_font=&#8221;ABeeZee||||||||&#8221; header_text_color=&#8221;#009b48&#8243; header_font_size=&#8221;45px&#8221; hover_enabled=&#8221;0&#8243; global_colors_info=&#8221;{}&#8221; theme_builder_area=&#8221;post_content&#8221; sticky_enabled=&#8221;0&#8243;]<\/p>\n<h1 style=\"text-align: center;\">Linkkej\u00e4<\/h1>\n<p>[\/et_pb_text][\/et_pb_column][\/et_pb_row][et_pb_row column_structure=&#8221;1_3,1_3,1_3&#8243; _builder_version=&#8221;4.27.5&#8243; _module_preset=&#8221;default&#8221; global_colors_info=&#8221;{}&#8221; theme_builder_area=&#8221;post_content&#8221;][et_pb_column type=&#8221;1_3&#8243; _builder_version=&#8221;4.27.5&#8243; _module_preset=&#8221;default&#8221; global_colors_info=&#8221;{}&#8221; theme_builder_area=&#8221;post_content&#8221;][et_pb_text _builder_version=&#8221;4.27.5&#8243; _module_preset=&#8221;default&#8221; text_font=&#8221;Montserrat|300|||||||&#8221; text_text_color=&#8221;#000000&#8243; text_font_size=&#8221;15px&#8221; header_font=&#8221;ABeeZee||||||||&#8221; header_text_color=&#8221;#009b48&#8243; header_font_size=&#8221;20px&#8221; hover_enabled=&#8221;0&#8243; global_colors_info=&#8221;{}&#8221; theme_builder_area=&#8221;post_content&#8221; link_text_color=&#8221;#009b48&#8243; sticky_enabled=&#8221;0&#8243;]<\/p>\n<h1 style=\"text-align: left;\">Itsehoito<\/h1>\n<p>Terve.fi <a href=\"http:\/\/www.terve.fi\" target=\"_blank\" rel=\"noopener noreferrer\">www.terve.fi<\/a><br \/>Terveyskirjasto <a href=\"http:\/\/www.terveyskirjasto.fi\/\" target=\"_blank\" rel=\"noopener noreferrer\">www.terveyskirjasto.fi<\/a><br \/>Tietoa rokotuksista <a href=\"http:\/\/www.rokote.fi\/\" target=\"_blank\" rel=\"noopener noreferrer\">www.rokote.fi<\/a><\/p>\n<p>&nbsp;<\/p>\n<p>[\/et_pb_text][\/et_pb_column][et_pb_column type=&#8221;1_3&#8243; _builder_version=&#8221;4.27.5&#8243; _module_preset=&#8221;default&#8221; global_colors_info=&#8221;{}&#8221; theme_builder_area=&#8221;post_content&#8221;][et_pb_text _builder_version=&#8221;4.27.5&#8243; _module_preset=&#8221;default&#8221; text_font=&#8221;Montserrat|300|||||||&#8221; text_text_color=&#8221;#000000&#8243; text_font_size=&#8221;15px&#8221; header_font=&#8221;ABeeZee||||||||&#8221; header_text_color=&#8221;#009b48&#8243; header_font_size=&#8221;20px&#8221; hover_enabled=&#8221;0&#8243; global_colors_info=&#8221;{}&#8221; theme_builder_area=&#8221;post_content&#8221; link_text_color=&#8221;#009b48&#8243; sticky_enabled=&#8221;0&#8243;]<\/p>\n<h1 style=\"text-align: left;\">Tietoa l\u00e4\u00e4kkeist\u00e4<\/h1>\n<p>L\u00e4\u00e4ketietokeskus <a href=\"http:\/\/www.laaketietokeskus.fi\/\" target=\"_blank\" rel=\"noopener noreferrer\">www.laaketietokeskus.fi<\/a><br \/>L\u00e4\u00e4keopas <a href=\"http:\/\/www.terveyskirjasto.fi\/terveyskirjasto\/tk.koti?p_teos=far\" target=\"_blank\" rel=\"noopener noreferrer\">www.terveyskirjasto.fi\/terveyskirjasto\/tk.koti?p_teos=far<\/a><br \/>Itsehoitoapteekki <a href=\"http:\/\/www.itsehoitoapteekki.fi\/\" target=\"_blank\" rel=\"noopener noreferrer\">www.itsehoitoapteekki.fi<\/a><br \/>L\u00e4\u00e4kkeiden saatavuus ja hintatiedot: <a href=\"https:\/\/www.apteekki.fi\/laakehaku.html\">www.l\u00e4\u00e4kehaku.fi<\/a><\/p>\n<p>&nbsp;<\/p>\n<p>[\/et_pb_text][\/et_pb_column][et_pb_column type=&#8221;1_3&#8243; _builder_version=&#8221;4.27.5&#8243; _module_preset=&#8221;default&#8221; global_colors_info=&#8221;{}&#8221; theme_builder_area=&#8221;post_content&#8221;][et_pb_text _builder_version=&#8221;4.27.5&#8243; _module_preset=&#8221;default&#8221; text_font=&#8221;Montserrat|300|||||||&#8221; text_text_color=&#8221;#000000&#8243; text_font_size=&#8221;15px&#8221; header_font=&#8221;ABeeZee||||||||&#8221; header_text_color=&#8221;#009b48&#8243; header_font_size=&#8221;20px&#8221; hover_enabled=&#8221;0&#8243; global_colors_info=&#8221;{}&#8221; theme_builder_area=&#8221;post_content&#8221; link_text_color=&#8221;#009b48&#8243; sticky_enabled=&#8221;0&#8243;]<\/p>\n<h1 style=\"text-align: left;\">El\u00e4inl\u00e4\u00e4kkeist\u00e4<\/h1>\n<p>Vetcare <a href=\"http:\/\/www.vetcare.fi\/\" target=\"_blank\" rel=\"noopener noreferrer\">www.vetcare.fi<\/a><br \/>El\u00e4inl\u00e4\u00e4k\u00e4rihaku <a href=\"https:\/\/palvelut2.evira.fi\/elainlaakarihaku\/haku.php\" target=\"_blank\" rel=\"noopener noreferrer\">https:\/\/palvelut2.evira.fi\/elainlaakarihaku\/haku.php<\/a><br \/>Orionin el\u00e4inl\u00e4\u00e4kkeet <a href=\"http:\/\/www.orionvet.fi\" target=\"_blank\" rel=\"noopener noreferrer\">www.orionvet.fi<\/a><a href=\"https:\/\/www.apteekki.fi\/laakehaku.html\"><\/a><\/p>\n<p>&nbsp;<\/p>\n<p>[\/et_pb_text][\/et_pb_column][\/et_pb_row][et_pb_row column_structure=&#8221;1_3,1_3,1_3&#8243; _builder_version=&#8221;4.27.5&#8243; _module_preset=&#8221;default&#8221; global_colors_info=&#8221;{}&#8221; theme_builder_area=&#8221;post_content&#8221;][et_pb_column type=&#8221;1_3&#8243; _builder_version=&#8221;4.27.5&#8243; _module_preset=&#8221;default&#8221; global_colors_info=&#8221;{}&#8221; theme_builder_area=&#8221;post_content&#8221;][et_pb_text _builder_version=&#8221;4.27.5&#8243; _module_preset=&#8221;default&#8221; text_font=&#8221;Montserrat|300|||||||&#8221; text_text_color=&#8221;#000000&#8243; text_font_size=&#8221;15px&#8221; header_font=&#8221;ABeeZee||||||||&#8221; header_text_color=&#8221;#009b48&#8243; header_font_size=&#8221;20px&#8221; hover_enabled=&#8221;0&#8243; global_colors_info=&#8221;{}&#8221; theme_builder_area=&#8221;post_content&#8221; link_text_color=&#8221;#009b48&#8243; sticky_enabled=&#8221;0&#8243;]<\/p>\n<h1 style=\"text-align: left;\">Viranomaisia<\/h1>\n<p>L\u00e4\u00e4kealan turvallisuus- ja kehitt\u00e4miskeskus Fimea <a href=\"http:\/\/www.fimea.fi\" target=\"_blank\" rel=\"noopener noreferrer\">www.fimea.fi<\/a><a href=\"http:\/\/www.rokote.fi\/\" target=\"_blank\" rel=\"noopener noreferrer\"><br \/><\/a>Kela <a href=\"http:\/\/www.kela.fi\/\" target=\"_blank\" rel=\"noopener noreferrer\">www.kela.fi<\/a><a href=\"http:\/\/www.rokote.fi\/\" target=\"_blank\" rel=\"noopener noreferrer\"><br \/><\/a>Terveyden ja hyvinvoinnin laitos <a href=\"http:\/\/www.thl.fi\" target=\"_blank\" rel=\"noopener noreferrer\">www.thl.fi<\/a><a href=\"http:\/\/www.rokote.fi\/\" target=\"_blank\" rel=\"noopener noreferrer\"><\/a><\/p>\n<p>&nbsp;<\/p>\n<p>[\/et_pb_text][\/et_pb_column][et_pb_column type=&#8221;1_3&#8243; _builder_version=&#8221;4.27.5&#8243; _module_preset=&#8221;default&#8221; global_colors_info=&#8221;{}&#8221; theme_builder_area=&#8221;post_content&#8221;][et_pb_text _builder_version=&#8221;4.27.5&#8243; _module_preset=&#8221;default&#8221; text_font=&#8221;Montserrat|300|||||||&#8221; text_text_color=&#8221;#000000&#8243; text_font_size=&#8221;15px&#8221; header_font=&#8221;ABeeZee||||||||&#8221; header_text_color=&#8221;#009b48&#8243; header_font_size=&#8221;20px&#8221; hover_enabled=&#8221;0&#8243; global_colors_info=&#8221;{}&#8221; theme_builder_area=&#8221;post_content&#8221; link_text_color=&#8221;#009b48&#8243; sticky_enabled=&#8221;0&#8243;]<\/p>\n<h1 style=\"text-align: left;\">Muita<\/h1>\n<p>Kangasniemen hyvinvointikeskus <a href=\"https:\/\/www.essote.fi\/palvelut-paikkakunnittain\/kangasniemen-sosiaali-terveyspalvelut\/\">www.essote.fi\/palvelut-paikkakunnittain\/kangasniemen-sosiaali-terveyspalvelut\/<\/a><a href=\"https:\/\/www.apteekki.fi\/laakehaku.html\"><br \/><\/a>Omien eReseptitietojen katselu <a href=\"http:\/\/www.kanta.fi\" target=\"_blank\" rel=\"noopener noreferrer\">www.kanta.fi<\/a><a href=\"https:\/\/www.apteekki.fi\/laakehaku.html\"><br \/><\/a>S\u00e4hk\u00f6inen valtuutus puolesta-asiointiin: <a href=\"https:\/\/www.suomi.fi\/valtuudet\">www.suomi.fi\/valtuudet<\/a><a href=\"https:\/\/www.apteekki.fi\/laakehaku.html\"><br \/><\/a>Myrkytystietokeskus <a href=\"http:\/\/www.hus.fi\/sairaanhoito\/sairaanhoitopalvelut\/myrkytystietokeskus\/Sivut\/default.aspx\" target=\"_blank\" rel=\"noopener noreferrer\">http:\/\/www.hus.fi\/sairaanhoito\/sairaanhoitopalvelut\/myrkytystietokeskus\/Sivut\/default.aspx<\/a><a href=\"https:\/\/www.apteekki.fi\/laakehaku.html\"><\/a><\/p>\n<p>&nbsp;<\/p>\n<p>[\/et_pb_text][\/et_pb_column][et_pb_column type=&#8221;1_3&#8243; _builder_version=&#8221;4.27.5&#8243; _module_preset=&#8221;default&#8221; global_colors_info=&#8221;{}&#8221; theme_builder_area=&#8221;post_content&#8221;][\/et_pb_column][\/et_pb_row][\/et_pb_section]<\/p>\n","protected":false},"excerpt":{"rendered":"<p>Linkkej\u00e4Itsehoito Terve.fi www.terve.fiTerveyskirjasto www.terveyskirjasto.fiTietoa rokotuksista www.rokote.fi &nbsp;Tietoa l\u00e4\u00e4kkeist\u00e4 L\u00e4\u00e4ketietokeskus www.laaketietokeskus.fiL\u00e4\u00e4keopas www.terveyskirjasto.fi\/terveyskirjasto\/tk.koti?p_teos=farItsehoitoapteekki www.itsehoitoapteekki.fiL\u00e4\u00e4kkeiden saatavuus ja hintatiedot: www.l\u00e4\u00e4kehaku.fi &nbsp;El\u00e4inl\u00e4\u00e4kkeist\u00e4 Vetcare www.vetcare.fiEl\u00e4inl\u00e4\u00e4k\u00e4rihaku https:\/\/palvelut2.evira.fi\/elainlaakarihaku\/haku.phpOrionin el\u00e4inl\u00e4\u00e4kkeet www.orionvet.fi &nbsp;Viranomaisia L\u00e4\u00e4kealan turvallisuus- ja kehitt\u00e4miskeskus Fimea www.fimea.fiKela www.kela.fiTerveyden ja hyvinvoinnin laitos www.thl.fi &nbsp;Muita Kangasniemen hyvinvointikeskus www.essote.fi\/palvelut-paikkakunnittain\/kangasniemen-sosiaali-terveyspalvelut\/Omien eReseptitietojen katselu www.kanta.fiS\u00e4hk\u00f6inen valtuutus puolesta-asiointiin: www.suomi.fi\/valtuudetMyrkytystietokeskus http:\/\/www.hus.fi\/sairaanhoito\/sairaanhoitopalvelut\/myrkytystietokeskus\/Sivut\/default.aspx &nbsp;<\/p>\n","protected":false},"author":1,"featured_media":0,"parent":0,"menu_order":0,"comment_status":"closed","ping_status":"closed","template":"","meta":{"_et_pb_use_builder":"on","_et_pb_old_content":"","_et_gb_content_width":"","footnotes":""},"class_list":["post-39","page","type-page","status-publish","hentry"],"_links":{"self":[{"href":"https:\/\/kangasniemenapteekki.xyz\/index.php?rest_route=\/wp\/v2\/pages\/39","targetHints":{"allow":["GET"]}}],"collection":[{"href":"https:\/\/kangasniemenapteekki.xyz\/index.php?rest_route=\/wp\/v2\/pages"}],"about":[{"href":"https:\/\/kangasniemenapteekki.xyz\/index.php?rest_route=\/wp\/v2\/types\/page"}],"author":[{"embeddable":true,"href":"https:\/\/kangasniemenapteekki.xyz\/index.php?rest_route=\/wp\/v2\/users\/1"}],"replies":[{"embeddable":true,"href":"https:\/\/kangasniemenapteekki.xyz\/index.php?rest_route=%2Fwp%2Fv2%2Fcomments&post=39"}],"version-history":[{"count":3,"href":"https:\/\/kangasniemenapteekki.xyz\/index.php?rest_route=\/wp\/v2\/pages\/39\/revisions"}],"predecessor-version":[{"id":60,"href":"https:\/\/kangasniemenapteekki.xyz\/index.php?rest_route=\/wp\/v2\/pages\/39\/revisions\/60"}],"wp:attachment":[{"href":"https:\/\/kangasniemenapteekki.xyz\/index.php?rest_route=%2Fwp%2Fv2%2Fmedia&parent=39"}],"curies":[{"name":"wp","href":"https:\/\/api.w.org\/{rel}","templated":true}]}}