{"id":38,"date":"2026-02-24T07:46:45","date_gmt":"2026-02-24T07:46:45","guid":{"rendered":"https:\/\/kangasniemenapteekki.xyz\/?page_id=38"},"modified":"2026-02-24T07:51:34","modified_gmt":"2026-02-24T07:51:34","slug":"ihonhoito","status":"publish","type":"page","link":"https:\/\/kangasniemenapteekki.xyz\/?page_id=38","title":{"rendered":"Ihonhoito"},"content":{"rendered":"<p>[et_pb_section fb_built=&#8221;1&#8243; theme_builder_area=&#8221;post_content&#8221; _builder_version=&#8221;4.27.5&#8243; _module_preset=&#8221;default&#8221; custom_padding=&#8221;4px|||||&#8221;][et_pb_row admin_label=&#8221;row&#8221; module_id=&#8221;palvelut&#8221; _builder_version=&#8221;4.27.5&#8243; background_size=&#8221;initial&#8221; background_position=&#8221;top_left&#8221; background_repeat=&#8221;repeat&#8221; global_colors_info=&#8221;{}&#8221; theme_builder_area=&#8221;post_content&#8221;][et_pb_column type=&#8221;4_4&#8243; _builder_version=&#8221;4.16&#8243; custom_padding=&#8221;|||&#8221; global_colors_info=&#8221;{}&#8221; custom_padding__hover=&#8221;|||&#8221; theme_builder_area=&#8221;post_content&#8221;][et_pb_text _builder_version=&#8221;4.27.5&#8243; _module_preset=&#8221;default&#8221; header_font=&#8221;ABeeZee||||||||&#8221; header_text_color=&#8221;#009b48&#8243; header_font_size=&#8221;45px&#8221; hover_enabled=&#8221;0&#8243; global_colors_info=&#8221;{}&#8221; theme_builder_area=&#8221;post_content&#8221; sticky_enabled=&#8221;0&#8243;]<\/p>\n<h1 style=\"text-align: center;\">Ihonhoito<\/h1>\n<p>[\/et_pb_text][\/et_pb_column][\/et_pb_row][et_pb_row column_structure=&#8221;1_3,1_3,1_3&#8243; _builder_version=&#8221;4.27.5&#8243; _module_preset=&#8221;default&#8221; global_colors_info=&#8221;{}&#8221; theme_builder_area=&#8221;post_content&#8221;][et_pb_column type=&#8221;1_3&#8243; _builder_version=&#8221;4.27.5&#8243; _module_preset=&#8221;default&#8221; global_colors_info=&#8221;{}&#8221; theme_builder_area=&#8221;post_content&#8221;][et_pb_text _builder_version=&#8221;4.27.5&#8243; _module_preset=&#8221;default&#8221; text_font=&#8221;Montserrat|300|||||||&#8221; text_text_color=&#8221;#000000&#8243; text_font_size=&#8221;15px&#8221; header_font=&#8221;ABeeZee||||||||&#8221; header_text_color=&#8221;#009b48&#8243; header_font_size=&#8221;20px&#8221; hover_enabled=&#8221;0&#8243; global_colors_info=&#8221;{}&#8221; theme_builder_area=&#8221;post_content&#8221; sticky_enabled=&#8221;0&#8243;]<\/p>\n<h1 style=\"text-align: left;\">ACO<\/h1>\n<p>ACO perustettiin vuonna 1939 tuotemerkiksi ruotsalaisen apteekin omille tuotteille. T\u00e4n\u00e4 p\u00e4iv\u00e4n\u00e4 ACOn omassa laboratoriossa kehitet\u00e4\u00e4n tuotteita pohjoismaiselle iholle, pohjoismaiden vaativiin olosuhteisiin. ACOn tuotevalikoimaan kuuluu sek\u00e4 herk\u00e4lle iholle sopivia ihonhoitotuotteita ett\u00e4 l\u00e4\u00e4kevalmisteita. Ihonhoitotuotteiden valikoimasta l\u00f6ytyy hell\u00e4varaisia, mutta tehokkaita tuotteita ihon kaikkiin tarpeisiin niin aikuisille kuin lapsille. Kasvojen- ja vartalonhoitotuotteiden lis\u00e4ksi ACOlta l\u00f6ytyy tehokkaasti suojaavat aurinkotuotteet koko perheelle sek\u00e4 omat tuotesarjat mm. aknesta tai ihottumasta k\u00e4rsiv\u00e4lle iholle sek\u00e4 intiimihygieniaan.<\/p>\n<p>&nbsp;<\/p>\n<p>[\/et_pb_text][\/et_pb_column][et_pb_column type=&#8221;1_3&#8243; _builder_version=&#8221;4.27.5&#8243; _module_preset=&#8221;default&#8221; global_colors_info=&#8221;{}&#8221; theme_builder_area=&#8221;post_content&#8221;][et_pb_text _builder_version=&#8221;4.27.5&#8243; _module_preset=&#8221;default&#8221; text_font=&#8221;Montserrat|300|||||||&#8221; text_text_color=&#8221;#000000&#8243; text_font_size=&#8221;15px&#8221; header_font=&#8221;ABeeZee||||||||&#8221; header_text_color=&#8221;#009b48&#8243; header_font_size=&#8221;20px&#8221; hover_enabled=&#8221;0&#8243; global_colors_info=&#8221;{}&#8221; theme_builder_area=&#8221;post_content&#8221; sticky_enabled=&#8221;0&#8243;]<\/p>\n<h1 style=\"text-align: left;\">Av\u00e9ne<\/h1>\n<p>Hoitava Av\u00e8ne-ihonhoitosarja on kehitetty erityisesti herk\u00e4n ihon tarpeisiin. Valmistaja on ranskalainen Pierre Fabre, joka on tunnettu my\u00f6s luotettavana l\u00e4\u00e4kealan yrityksen\u00e4. Kaikki Av\u00e8ne-tuotteet perustuvat Av\u00e8ne-terveysl\u00e4hdeveteen, jonka ihoa rauhoittava vaikutus on tunnettu jo 1700-luvulta l\u00e4htien. T\u00e4n\u00e4 p\u00e4iv\u00e4n\u00e4 Av\u00e8ne-veden vaikutuksesta on julkaistu jo noin 50 kliinist\u00e4 tutkimusta. Tuotteissa allergiaa aiheuttavien raaka-aineiden m\u00e4\u00e4r\u00e4 ja k\u00e4ytt\u00f6 on minimoitu ja kaikki valmisteet ovat testattu kliinisin kokein ihotautil\u00e4\u00e4k\u00e4rien valvonnassa.<\/p>\n<p>[\/et_pb_text][\/et_pb_column][et_pb_column type=&#8221;1_3&#8243; _builder_version=&#8221;4.27.5&#8243; _module_preset=&#8221;default&#8221; global_colors_info=&#8221;{}&#8221; theme_builder_area=&#8221;post_content&#8221;][et_pb_text _builder_version=&#8221;4.27.5&#8243; _module_preset=&#8221;default&#8221; text_font=&#8221;Montserrat|300|||||||&#8221; text_text_color=&#8221;#000000&#8243; text_font_size=&#8221;15px&#8221; header_font=&#8221;ABeeZee||||||||&#8221; header_text_color=&#8221;#009b48&#8243; header_font_size=&#8221;20px&#8221; hover_enabled=&#8221;0&#8243; global_colors_info=&#8221;{}&#8221; theme_builder_area=&#8221;post_content&#8221; sticky_enabled=&#8221;0&#8243;]<\/p>\n<h1 style=\"text-align: left;\">CeraVe<\/h1>\n<p>CeraVe on yhteisty\u00f6ss\u00e4 ihotautil\u00e4\u00e4k\u00e4reiden kanssa kehitetty ihonhoitosarja. CeraVe-tuotteet sis\u00e4lt\u00e4v\u00e4t yhdistelm\u00e4n kolmea t\u00e4rke\u00e4\u00e4 keramidia (keramidit 1, 3 ja 6-II) jotka vahvistavat ihon luonnollista suojamuuria. Tuotteet sis\u00e4lt\u00e4v\u00e4t my\u00f6s ainutlaatuisen Multi Vesicular Emulsion (MVE)-teknologian, jonka avulla iholle vapautuu v\u00e4hitellen 24 tunnin ajan kosteuttavia ainesosia ja iho pysyy n\u00e4in ollen pehme\u00e4n\u00e4 koko p\u00e4iv\u00e4n.<\/p>\n<p>&nbsp;<\/p>\n<p>[\/et_pb_text][\/et_pb_column][\/et_pb_row][et_pb_row column_structure=&#8221;1_3,1_3,1_3&#8243; _builder_version=&#8221;4.27.5&#8243; _module_preset=&#8221;default&#8221; global_colors_info=&#8221;{}&#8221; theme_builder_area=&#8221;post_content&#8221;][et_pb_column type=&#8221;1_3&#8243; _builder_version=&#8221;4.27.5&#8243; _module_preset=&#8221;default&#8221; global_colors_info=&#8221;{}&#8221; theme_builder_area=&#8221;post_content&#8221;][et_pb_text _builder_version=&#8221;4.27.5&#8243; _module_preset=&#8221;default&#8221; text_font=&#8221;Montserrat|300|||||||&#8221; text_text_color=&#8221;#000000&#8243; text_font_size=&#8221;15px&#8221; header_font=&#8221;ABeeZee||||||||&#8221; header_text_color=&#8221;#009b48&#8243; header_font_size=&#8221;20px&#8221; hover_enabled=&#8221;0&#8243; global_colors_info=&#8221;{}&#8221; theme_builder_area=&#8221;post_content&#8221; sticky_enabled=&#8221;0&#8243;]<\/p>\n<h1 style=\"text-align: left;\">Favora<\/h1>\n<p>Favora on herk\u00e4n ihon hoitosarja, jonka tuotteet Orion Pharma on kehitt\u00e4nyt yhteisty\u00f6ss\u00e4 Allergia- ja Astmaliiton kanssa. Allergiatunnus takaa luotettavuuden ja laadun: hajusteettomat ja v\u00e4riaineettomat Favora-tuotteet sis\u00e4lt\u00e4v\u00e4t vain tarkkaan valittuja ainesosia. Favora puhdistaa hell\u00e4varaisesti, kosteuttaa tehokkaasti ja hoitaa suojaten herkk\u00e4\u00e4 ihoa. Tavoitteena on terve, hyvinvoiva sek\u00e4 vastustuskykyinen iho, joka pit\u00e4\u00e4 pintansa el\u00e4m\u00e4n muutoksissa.<\/p>\n<p>&nbsp;<\/p>\n<p>[\/et_pb_text][\/et_pb_column][et_pb_column type=&#8221;1_3&#8243; _builder_version=&#8221;4.27.5&#8243; _module_preset=&#8221;default&#8221; global_colors_info=&#8221;{}&#8221; theme_builder_area=&#8221;post_content&#8221;][et_pb_text _builder_version=&#8221;4.27.5&#8243; _module_preset=&#8221;default&#8221; text_font=&#8221;Montserrat|300|||||||&#8221; text_text_color=&#8221;#000000&#8243; text_font_size=&#8221;15px&#8221; header_font=&#8221;ABeeZee||||||||&#8221; header_text_color=&#8221;#009b48&#8243; header_font_size=&#8221;20px&#8221; hover_enabled=&#8221;0&#8243; global_colors_info=&#8221;{}&#8221; theme_builder_area=&#8221;post_content&#8221; sticky_enabled=&#8221;0&#8243;]<\/p>\n<h1 style=\"text-align: left;\">Vichy<\/h1>\n<p>Vichy-ihonhoitotuotteiden perustana on Ranskan vulkaanisen alueen syd\u00e4mest\u00e4 per\u00e4isin oleva mineraalipitoinen l\u00e4hdevesi. Vichy Thermal Spa -l\u00e4hdevedell\u00e4 on tutkitusti ihoa vahvistava ja suojaava vaikutus. Vichy on mukana naisten kaikissa el\u00e4m\u00e4nvaiheissa tarjoten kaikille ihotyypeille sek\u00e4 herk\u00e4lle iholle sopivia tuotteita \u2013 i\u00e4st\u00e4 tai el\u00e4m\u00e4ntyylist\u00e4 riippumatta.<\/p>\n<p>[\/et_pb_text][\/et_pb_column][et_pb_column type=&#8221;1_3&#8243; _builder_version=&#8221;4.27.5&#8243; _module_preset=&#8221;default&#8221; global_colors_info=&#8221;{}&#8221; theme_builder_area=&#8221;post_content&#8221;][\/et_pb_column][\/et_pb_row][\/et_pb_section]<\/p>\n","protected":false},"excerpt":{"rendered":"<p>IhonhoitoACO ACO perustettiin vuonna 1939 tuotemerkiksi ruotsalaisen apteekin omille tuotteille. T\u00e4n\u00e4 p\u00e4iv\u00e4n\u00e4 ACOn omassa laboratoriossa kehitet\u00e4\u00e4n tuotteita pohjoismaiselle iholle, pohjoismaiden vaativiin olosuhteisiin. ACOn tuotevalikoimaan kuuluu sek\u00e4 herk\u00e4lle iholle sopivia ihonhoitotuotteita ett\u00e4 l\u00e4\u00e4kevalmisteita. Ihonhoitotuotteiden valikoimasta l\u00f6ytyy hell\u00e4varaisia, mutta tehokkaita tuotteita ihon kaikkiin tarpeisiin niin aikuisille kuin lapsille. Kasvojen- ja vartalonhoitotuotteiden lis\u00e4ksi ACOlta l\u00f6ytyy tehokkaasti suojaavat aurinkotuotteet [&hellip;]<\/p>\n","protected":false},"author":1,"featured_media":0,"parent":0,"menu_order":0,"comment_status":"closed","ping_status":"closed","template":"","meta":{"_et_pb_use_builder":"on","_et_pb_old_content":"","_et_gb_content_width":"","footnotes":""},"class_list":["post-38","page","type-page","status-publish","hentry"],"_links":{"self":[{"href":"https:\/\/kangasniemenapteekki.xyz\/index.php?rest_route=\/wp\/v2\/pages\/38","targetHints":{"allow":["GET"]}}],"collection":[{"href":"https:\/\/kangasniemenapteekki.xyz\/index.php?rest_route=\/wp\/v2\/pages"}],"about":[{"href":"https:\/\/kangasniemenapteekki.xyz\/index.php?rest_route=\/wp\/v2\/types\/page"}],"author":[{"embeddable":true,"href":"https:\/\/kangasniemenapteekki.xyz\/index.php?rest_route=\/wp\/v2\/users\/1"}],"replies":[{"embeddable":true,"href":"https:\/\/kangasniemenapteekki.xyz\/index.php?rest_route=%2Fwp%2Fv2%2Fcomments&post=38"}],"version-history":[{"count":3,"href":"https:\/\/kangasniemenapteekki.xyz\/index.php?rest_route=\/wp\/v2\/pages\/38\/revisions"}],"predecessor-version":[{"id":57,"href":"https:\/\/kangasniemenapteekki.xyz\/index.php?rest_route=\/wp\/v2\/pages\/38\/revisions\/57"}],"wp:attachment":[{"href":"https:\/\/kangasniemenapteekki.xyz\/index.php?rest_route=%2Fwp%2Fv2%2Fmedia&parent=38"}],"curies":[{"name":"wp","href":"https:\/\/api.w.org\/{rel}","templated":true}]}}