{"id":2,"date":"2026-02-23T23:03:50","date_gmt":"2026-02-23T23:03:50","guid":{"rendered":"https:\/\/kangasniemenapteekki.xyz\/?page_id=2"},"modified":"2026-03-03T06:46:54","modified_gmt":"2026-03-03T06:46:54","slug":"sample-page","status":"publish","type":"page","link":"https:\/\/kangasniemenapteekki.xyz\/","title":{"rendered":"Etusivu"},"content":{"rendered":"<p>[et_pb_section fb_built=&#8221;1&#8243; admin_label=&#8221;section&#8221; _builder_version=&#8221;4.27.5&#8243; hover_enabled=&#8221;0&#8243; global_colors_info=&#8221;{}&#8221; top_divider_style=&#8221;waves2&#8243; sticky_enabled=&#8221;0&#8243; top_divider_color=&#8221;#009b48&#8243; custom_margin=&#8221;-19px|||||&#8221;][et_pb_row column_structure=&#8221;1_2,1_2&#8243; _builder_version=&#8221;4.27.5&#8243; _module_preset=&#8221;default&#8221; hover_enabled=&#8221;0&#8243; global_colors_info=&#8221;{}&#8221; sticky_enabled=&#8221;0&#8243; custom_padding=&#8221;71px|||||&#8221;][et_pb_column type=&#8221;1_2&#8243; _builder_version=&#8221;4.27.5&#8243; _module_preset=&#8221;default&#8221; global_colors_info=&#8221;{}&#8221;][et_pb_text _builder_version=&#8221;4.27.5&#8243; _module_preset=&#8221;default&#8221; text_font=&#8221;Montserrat|300|||||||&#8221; text_text_color=&#8221;#000000&#8243; text_font_size=&#8221;20px&#8221; header_font=&#8221;ABeeZee||||||||&#8221; header_text_color=&#8221;#009b48&#8243; header_font_size=&#8221;45px&#8221; global_colors_info=&#8221;{}&#8221; custom_padding=&#8221;3px|||||&#8221;]<\/p>\n<h1 style=\"text-align: left;\">L\u00e4mpim\u00e4sti tervetuloa Kangasniemen apteekkiin!<\/h1>\n<p>L\u00e4mpim\u00e4sti tervetuloa Kangasniemen apteekkiin, jossa hyvinvointi on l\u00e4hell\u00e4 syd\u00e4nt\u00e4. Meill\u00e4 saat luotettavaa neuvontaa, laadukkaat tuotteet ja yst\u00e4v\u00e4llisen palvelun \u2013 olitpa sitten kotikyl\u00e4n arjessa tai m\u00f6kkimatkalla. Apteekkimme ammattitaitoinen henkil\u00f6kunta auttaa sinua niin itsehoitoon kuin reseptil\u00e4\u00e4kkeisiinkin liittyviss\u00e4 asioissa. Kun tarvitset neuvoja ja opastusta l\u00e4\u00e4kkeidesi k\u00e4yt\u00f6ss\u00e4 tai sairautesi itsehoidossa, pist\u00e4ydy apteekissamme. Olemme t\u00e4\u00e4ll\u00e4 sinua varten.<\/p>\n<p>[\/et_pb_text][\/et_pb_column][et_pb_column type=&#8221;1_2&#8243; _builder_version=&#8221;4.27.5&#8243; _module_preset=&#8221;default&#8221; hover_enabled=&#8221;0&#8243; global_colors_info=&#8221;{}&#8221; sticky_enabled=&#8221;0&#8243;][et_pb_image src=&#8221;https:\/\/kangasniemenapteekki.xyz\/wp-content\/uploads\/2026\/02\/599949760_1557805385794570_5002069956841956399_n.jpg&#8221; title_text=&#8221;599949760_1557805385794570_5002069956841956399_n&#8221; align=&#8221;center&#8221; _builder_version=&#8221;4.27.5&#8243; _module_preset=&#8221;default&#8221; width=&#8221;70%&#8221; custom_margin=&#8221;||||false|false&#8221; border_radii=&#8221;on|10px|10px|10px|10px&#8221; global_colors_info=&#8221;{}&#8221;][\/et_pb_image][\/et_pb_column][\/et_pb_row][et_pb_row admin_label=&#8221;row&#8221; module_id=&#8221;tarjoukset&#8221; _builder_version=&#8221;4.27.5&#8243; background_size=&#8221;initial&#8221; background_position=&#8221;top_left&#8221; background_repeat=&#8221;repeat&#8221; global_colors_info=&#8221;{}&#8221; custom_margin=&#8221;8px|auto||auto||&#8221;][et_pb_column type=&#8221;4_4&#8243; _builder_version=&#8221;4.16&#8243; custom_padding=&#8221;|||&#8221; global_colors_info=&#8221;{}&#8221; custom_padding__hover=&#8221;|||&#8221;][et_pb_text _builder_version=&#8221;4.27.5&#8243; _module_preset=&#8221;default&#8221; header_font=&#8221;ABeeZee||||||||&#8221; header_text_color=&#8221;#009b48&#8243; header_font_size=&#8221;45px&#8221; global_colors_info=&#8221;{}&#8221;]<\/p>\n<h1 style=\"text-align: center;\">Kuukauden tarjoukset<\/h1>\n<p>[\/et_pb_text][et_pb_text _builder_version=&#8221;4.27.5&#8243; _module_preset=&#8221;default&#8221; global_colors_info=&#8221;{}&#8221;]<\/p>\n<p><iframe src=\"https:\/\/avainapteekit.fi\/avainasiakastarjoukset-ulkoinen\/\" style=\"width: 100%; height: 90vh; border: 0;\" loading=\"lazy\" referrerpolicy=\"no-referrer-when-downgrade\"><\/p>\n<p><\/iframe><\/p>\n<p>[\/et_pb_text][\/et_pb_column][\/et_pb_row][et_pb_row admin_label=&#8221;row&#8221; module_id=&#8221;palvelut&#8221; _builder_version=&#8221;4.27.5&#8243; background_size=&#8221;initial&#8221; background_position=&#8221;top_left&#8221; background_repeat=&#8221;repeat&#8221; global_colors_info=&#8221;{}&#8221;][et_pb_column type=&#8221;4_4&#8243; _builder_version=&#8221;4.16&#8243; custom_padding=&#8221;|||&#8221; global_colors_info=&#8221;{}&#8221; custom_padding__hover=&#8221;|||&#8221;][et_pb_text _builder_version=&#8221;4.27.5&#8243; _module_preset=&#8221;default&#8221; header_font=&#8221;ABeeZee||||||||&#8221; header_text_color=&#8221;#009b48&#8243; header_font_size=&#8221;45px&#8221; global_colors_info=&#8221;{}&#8221;]<\/p>\n<h1 style=\"text-align: center;\">Palvelut<\/h1>\n<p>[\/et_pb_text][\/et_pb_column][\/et_pb_row][et_pb_row column_structure=&#8221;1_3,1_3,1_3&#8243; _builder_version=&#8221;4.27.5&#8243; _module_preset=&#8221;default&#8221; global_colors_info=&#8221;{}&#8221;][et_pb_column type=&#8221;1_3&#8243; _builder_version=&#8221;4.27.5&#8243; _module_preset=&#8221;default&#8221; global_colors_info=&#8221;{}&#8221;][et_pb_text _builder_version=&#8221;4.27.5&#8243; _module_preset=&#8221;default&#8221; text_font=&#8221;Montserrat|300|||||||&#8221; text_text_color=&#8221;#000000&#8243; text_font_size=&#8221;15px&#8221; header_font=&#8221;ABeeZee||||||||&#8221; header_text_color=&#8221;#009b48&#8243; header_font_size=&#8221;20px&#8221; global_colors_info=&#8221;{}&#8221;]<\/p>\n<h1 style=\"text-align: left;\">L\u00e4\u00e4kityksen tarkistuspalvelu<\/h1>\n<p>L\u00e4\u00e4kityksen tarkistuspalvelussa selvitet\u00e4\u00e4n asiakkaan kokonaisl\u00e4\u00e4kitys ja varmistetaan l\u00e4\u00e4kkeiden yhteensopivuus sek\u00e4 oikeat ja tarkoituksenmukaiset ottoajankohdat suhteessa vuorokaudenaikaan, ateriointiin ja toisiin l\u00e4\u00e4kkeisiin. Tarkistuspalvelussa asiakas toimittaa etuk\u00e4teen apteekkiin tiedot k\u00e4ytt\u00e4mist\u00e4\u00e4n resepti- ja itsehoitol\u00e4\u00e4kkeist\u00e4 sek\u00e4 luontaistuotteista. Palveluun kuuluu noin puoli tuntia kest\u00e4v\u00e4 tapaaminen, jossa k\u00e4yd\u00e4\u00e4n l\u00e4pi tarkistuksen tuloksia sek\u00e4 l\u00e4\u00e4kitysasioita. Asiakas saa tarkistuksesta kirjallisen yhteenvedon, jonka voi tarvittaessa n\u00e4ytt\u00e4\u00e4 my\u00f6s l\u00e4\u00e4k\u00e4rille. L\u00e4\u00e4kityksen tarkistuspalvelun hinta on apteekissamme 39 euroa.<\/p>\n<p>Ennen Tarkistuspalvelua t\u00e4ytett\u00e4v\u00e4n l\u00e4\u00e4kelistan voit tulostaa valmiiksi t\u00e4\u00e4lt\u00e4 tai sen voi my\u00f6s noutaa apteekistamme.<\/p>\n<p>[\/et_pb_text][\/et_pb_column][et_pb_column type=&#8221;1_3&#8243; _builder_version=&#8221;4.27.5&#8243; _module_preset=&#8221;default&#8221; global_colors_info=&#8221;{}&#8221;][et_pb_text _builder_version=&#8221;4.27.5&#8243; _module_preset=&#8221;default&#8221; text_font=&#8221;Montserrat|300|||||||&#8221; text_text_color=&#8221;#000000&#8243; text_font_size=&#8221;15px&#8221; header_font=&#8221;ABeeZee||||||||&#8221; header_text_color=&#8221;#009b48&#8243; header_font_size=&#8221;20px&#8221; global_colors_info=&#8221;{}&#8221;]<\/p>\n<h1 style=\"text-align: left;\">Reseptien uusiminen<\/h1>\n<p>Reseptit voit uusia k\u00e4tev\u00e4sti my\u00f6s apteekin kautta. V\u00e4lit\u00e4mme uusimispyynn\u00f6n l\u00e4\u00e4k\u00e4rille, jonka j\u00e4lkeen resepti uudistetaan viimeist\u00e4\u00e4n 8 p\u00e4iv\u00e4n kuluessa, yleens\u00e4 nopeammin. eReseptin uusiminen maksaa 2 euroa \/ resepti. Mik\u00e4li l\u00e4\u00e4kem\u00e4\u00e4r\u00e4yksi\u00e4 samalla uusimiskerralla on useita, on enimm\u00e4ismaksu 7 euroa. eReseptin uusiminen toisen henkil\u00f6n puolesta onnistuu, kun toimitat t\u00e4st\u00e4 kirjallisen suostumuksen apteekkiin.<\/p>\n<p>[\/et_pb_text][\/et_pb_column][et_pb_column type=&#8221;1_3&#8243; _builder_version=&#8221;4.27.5&#8243; _module_preset=&#8221;default&#8221; global_colors_info=&#8221;{}&#8221;][et_pb_text _builder_version=&#8221;4.27.5&#8243; _module_preset=&#8221;default&#8221; text_font=&#8221;Montserrat|300|||||||&#8221; text_text_color=&#8221;#000000&#8243; text_font_size=&#8221;15px&#8221; header_font=&#8221;ABeeZee||||||||&#8221; header_text_color=&#8221;#009b48&#8243; header_font_size=&#8221;20px&#8221; global_colors_info=&#8221;{}&#8221;]<\/p>\n<h1 style=\"text-align: left;\">Schengen-todistus<\/h1>\n<p>Schengen-maihin matkustaessasi tarvitset todistuksen huumausaineiksi tai psykotrooppisiksi aineiksi luokitelluista l\u00e4\u00e4kkeist\u00e4. Todistusta hakiessasi ota mukaasi l\u00e4\u00e4kepakkaus, l\u00e4\u00e4kett\u00e4 koskeva resepti ja matkustusasiakirja, eli passi tai henkil\u00f6kortti. Todistus on voimassa 30 vuorokautta matkan alkamisp\u00e4iv\u00e4st\u00e4, ja se on maksullinen.<\/p>\n<p>Schengen-sopimuksen piiriin kuuluvat Suomen lis\u00e4ksi Ruotsi, Norja, Tanska, Islanti, Saksa, Belgia, Ranska, Alankomaat, It\u00e4valta, Luxemburg, Espanja, Portugali, Italia, Kreikka, Viro, Latvia, Liettua, Puola, T\u0161ekki, Slovakia, Unkari, Slovenia, Malta ja Sveitsi.<\/p>\n<p>&nbsp;<\/p>\n<p>[\/et_pb_text][\/et_pb_column][\/et_pb_row][et_pb_row column_structure=&#8221;1_3,1_3,1_3&#8243; _builder_version=&#8221;4.27.5&#8243; _module_preset=&#8221;default&#8221; global_colors_info=&#8221;{}&#8221;][et_pb_column type=&#8221;1_3&#8243; _builder_version=&#8221;4.27.5&#8243; _module_preset=&#8221;default&#8221; global_colors_info=&#8221;{}&#8221;][et_pb_text _builder_version=&#8221;4.27.5&#8243; _module_preset=&#8221;default&#8221; text_font=&#8221;Montserrat|300|||||||&#8221; text_text_color=&#8221;#000000&#8243; text_font_size=&#8221;15px&#8221; header_font=&#8221;ABeeZee||||||||&#8221; header_text_color=&#8221;#009b48&#8243; header_font_size=&#8221;20px&#8221; global_colors_info=&#8221;{}&#8221;]<\/p>\n<h1 style=\"text-align: left;\">Koneellinen annosjakelu<\/h1>\n<p>Annosjakelupalvelussa l\u00e4\u00e4kkeet toimitetaan apteekista k\u00e4teviss\u00e4 kerta-annospusseissa kahdeksi viikoksi kerrallaan. Kerta-annospusseista l\u00e4\u00e4kkeet on helppo ottaa oikeaan aikaan. Palveluun kuuluu my\u00f6s l\u00e4\u00e4kityksen tarkistus. Kysy palvelusta lis\u00e4\u00e4 apteekistamme.<\/p>\n<p>[\/et_pb_text][\/et_pb_column][et_pb_column type=&#8221;1_3&#8243; _builder_version=&#8221;4.27.5&#8243; _module_preset=&#8221;default&#8221; global_colors_info=&#8221;{}&#8221;][et_pb_text _builder_version=&#8221;4.27.5&#8243; _module_preset=&#8221;default&#8221; text_font=&#8221;Montserrat|300|||||||&#8221; text_text_color=&#8221;#000000&#8243; text_font_size=&#8221;15px&#8221; header_font=&#8221;ABeeZee||||||||&#8221; header_text_color=&#8221;#009b48&#8243; header_font_size=&#8221;20px&#8221; global_colors_info=&#8221;{}&#8221;]<\/p>\n<h1 style=\"text-align: left;\">Ulkomaan matkalle annettava reseptij\u00e4ljenn\u00f6s<\/h1>\n<p>Meilt\u00e4 toimitetuista l\u00e4\u00e4kkeist\u00e4 voit saada reseptij\u00e4ljenn\u00f6ksen ulkomaanmatkaa varten. Reseptij\u00e4ljenn\u00f6s on maksullinen.<\/p>\n<p>[\/et_pb_text][\/et_pb_column][et_pb_column type=&#8221;1_3&#8243; _builder_version=&#8221;4.27.5&#8243; _module_preset=&#8221;default&#8221; global_colors_info=&#8221;{}&#8221;][et_pb_text _builder_version=&#8221;4.27.5&#8243; _module_preset=&#8221;default&#8221; text_font=&#8221;Montserrat|300|||||||&#8221; text_text_color=&#8221;#000000&#8243; text_font_size=&#8221;15px&#8221; header_font=&#8221;ABeeZee||||||||&#8221; header_text_color=&#8221;#009b48&#8243; header_font_size=&#8221;20px&#8221; global_colors_info=&#8221;{}&#8221;]<\/p>\n<h1 style=\"text-align: left;\">Verenpaineen mittaus<\/h1>\n<p>Voit mittauttaa verenpaineesi meill\u00e4 apteekissa. Mittaustuloksen kirjaamme verenpainekorttiin, jonka saat apteekista mukaasi. Verenpainemittauksesta perit\u00e4\u00e4n 4 euron suuruinen maksu.<\/p>\n<p>[\/et_pb_text][\/et_pb_column][\/et_pb_row][et_pb_row admin_label=&#8221;row&#8221; module_id=&#8221;ajankohtaista&#8221; _builder_version=&#8221;4.27.5&#8243; background_size=&#8221;initial&#8221; background_position=&#8221;top_left&#8221; background_repeat=&#8221;repeat&#8221; global_colors_info=&#8221;{}&#8221;][et_pb_column type=&#8221;4_4&#8243; _builder_version=&#8221;4.16&#8243; custom_padding=&#8221;|||&#8221; global_colors_info=&#8221;{}&#8221; custom_padding__hover=&#8221;|||&#8221;][et_pb_text _builder_version=&#8221;4.27.5&#8243; _module_preset=&#8221;default&#8221; header_font=&#8221;ABeeZee||||||||&#8221; header_text_color=&#8221;#009b48&#8243; header_font_size=&#8221;45px&#8221; global_colors_info=&#8221;{}&#8221;]<\/p>\n<h1 style=\"text-align: center;\">Ajankohtaista<\/h1>\n<p>[\/et_pb_text][et_pb_text _builder_version=&#8221;4.27.5&#8243; _module_preset=&#8221;default&#8221; global_colors_info=&#8221;{}&#8221;]<\/p>\n<p style=\"text-align: center;\">[T\u00e4h\u00e4n tulee Facebook-feed]<\/p>\n<p>[\/et_pb_text][\/et_pb_column][\/et_pb_row][et_pb_row column_structure=&#8221;1_2,1_2&#8243; admin_label=&#8221;row&#8221; module_id=&#8221;yhteystiedot&#8221; _builder_version=&#8221;4.27.5&#8243; background_size=&#8221;initial&#8221; background_position=&#8221;top_left&#8221; background_repeat=&#8221;repeat&#8221; global_colors_info=&#8221;{}&#8221;][et_pb_column type=&#8221;1_2&#8243; _builder_version=&#8221;4.16&#8243; custom_padding=&#8221;|||&#8221; global_colors_info=&#8221;{}&#8221; custom_padding__hover=&#8221;|||&#8221;][et_pb_text _builder_version=&#8221;4.27.5&#8243; _module_preset=&#8221;default&#8221; header_font=&#8221;ABeeZee||||||||&#8221; header_text_color=&#8221;#009b48&#8243; header_font_size=&#8221;45px&#8221; global_colors_info=&#8221;{}&#8221;]<\/p>\n<h1 style=\"text-align: left;\">Yhteystiedot<\/h1>\n<p>[\/et_pb_text][et_pb_text _builder_version=&#8221;4.27.5&#8243; _module_preset=&#8221;default&#8221; text_font=&#8221;Montserrat|300|||||||&#8221; text_text_color=&#8221;#000000&#8243; text_font_size=&#8221;15px&#8221; header_font=&#8221;ABeeZee||||||||&#8221; header_text_color=&#8221;#009b48&#8243; header_font_size=&#8221;20px&#8221; global_colors_info=&#8221;{}&#8221;]<\/p>\n<h1 style=\"text-align: left;\">Kangasniemen Apteekki<\/h1>\n<p>Otto Mannisen tie 1-3<br \/>51200 Kangasniemi<br \/>015 431 010<br \/>kangasniemen.apteekki(at)apteekit.net<\/p>\n<p>[\/et_pb_text][et_pb_text _builder_version=&#8221;4.27.5&#8243; _module_preset=&#8221;default&#8221; text_font=&#8221;Montserrat|300|||||||&#8221; text_text_color=&#8221;#000000&#8243; text_font_size=&#8221;15px&#8221; header_font=&#8221;ABeeZee||||||||&#8221; header_text_color=&#8221;#009b48&#8243; header_font_size=&#8221;20px&#8221; global_colors_info=&#8221;{}&#8221;]<\/p>\n<h1 style=\"text-align: left;\">Aukioloajat<\/h1>\n<p>Ma-Pe 9-17<br \/>La 9-13<br \/>Su Suljettu<\/p>\n<p>[\/et_pb_text][et_pb_image src=&#8221;https:\/\/kangasniemenapteekki.xyz\/wp-content\/uploads\/2026\/02\/avainapteekit_logo-260&#215;300-1.png&#8221; title_text=&#8221;avainapteekit_logo-260&#215;300&#8243; _builder_version=&#8221;4.27.5&#8243; _module_preset=&#8221;default&#8221; width=&#8221;30%&#8221; global_colors_info=&#8221;{}&#8221;][\/et_pb_image][\/et_pb_column][et_pb_column type=&#8221;1_2&#8243; _builder_version=&#8221;4.16&#8243; custom_padding=&#8221;|||&#8221; global_colors_info=&#8221;{}&#8221; custom_padding__hover=&#8221;|||&#8221;][et_pb_text _builder_version=&#8221;4.27.5&#8243; _module_preset=&#8221;default&#8221; header_font=&#8221;ABeeZee||||||||&#8221; header_text_color=&#8221;#009b48&#8243; header_font_size=&#8221;45px&#8221; global_colors_info=&#8221;{}&#8221;]<\/p>\n<h1 style=\"text-align: left;\">Yhteydenottolomake<\/h1>\n<p>[\/et_pb_text][et_pb_contact_form submit_button_text=&#8221;L\u00e4het\u00e4 viesti!&#8221; _builder_version=&#8221;4.27.5&#8243; _module_preset=&#8221;default&#8221; _unique_id=&#8221;97569956-d08e-4420-a003-58615142c1ab&#8221; custom_button=&#8221;on&#8221; button_text_color=&#8221;#009b48&#8243; global_colors_info=&#8221;{}&#8221;][et_pb_contact_field field_id=&#8221;Sposti_2&#8243; field_title=&#8221;Nimi&#8221; fullwidth_field=&#8221;on&#8221; _builder_version=&#8221;4.27.5&#8243; _module_preset=&#8221;default&#8221; global_colors_info=&#8221;{}&#8221;][\/et_pb_contact_field][et_pb_contact_field field_id=&#8221;Sposti&#8221; field_title=&#8221;S\u00e4hk\u00f6postiosoite&#8221; fullwidth_field=&#8221;on&#8221; _builder_version=&#8221;4.27.5&#8243; _module_preset=&#8221;default&#8221; global_colors_info=&#8221;{}&#8221;][\/et_pb_contact_field][et_pb_contact_field field_id=&#8221;Puh&#8221; field_title=&#8221;Puhelinnumero&#8221; fullwidth_field=&#8221;on&#8221; _builder_version=&#8221;4.27.5&#8243; _module_preset=&#8221;default&#8221; global_colors_info=&#8221;{}&#8221;][\/et_pb_contact_field][et_pb_contact_field field_id=&#8221;Message&#8221; field_title=&#8221;Viesti&#8221; field_type=&#8221;text&#8221; fullwidth_field=&#8221;on&#8221; _builder_version=&#8221;4.27.5&#8243; global_colors_info=&#8221;{}&#8221; button_text_size__hover_enabled=&#8221;off&#8221; button_one_text_size__hover_enabled=&#8221;off&#8221; button_two_text_size__hover_enabled=&#8221;off&#8221; button_text_color__hover_enabled=&#8221;off&#8221; button_one_text_color__hover_enabled=&#8221;off&#8221; button_two_text_color__hover_enabled=&#8221;off&#8221; button_border_width__hover_enabled=&#8221;off&#8221; button_one_border_width__hover_enabled=&#8221;off&#8221; button_two_border_width__hover_enabled=&#8221;off&#8221; button_border_color__hover_enabled=&#8221;off&#8221; button_one_border_color__hover_enabled=&#8221;off&#8221; button_two_border_color__hover_enabled=&#8221;off&#8221; button_border_radius__hover_enabled=&#8221;off&#8221; button_one_border_radius__hover_enabled=&#8221;off&#8221; button_two_border_radius__hover_enabled=&#8221;off&#8221; button_letter_spacing__hover_enabled=&#8221;off&#8221; button_one_letter_spacing__hover_enabled=&#8221;off&#8221; button_two_letter_spacing__hover_enabled=&#8221;off&#8221; button_bg_color__hover_enabled=&#8221;off&#8221; button_one_bg_color__hover_enabled=&#8221;off&#8221; button_two_bg_color__hover_enabled=&#8221;off&#8221;][\/et_pb_contact_field][\/et_pb_contact_form][\/et_pb_column][\/et_pb_row][\/et_pb_section]<\/p>\n","protected":false},"excerpt":{"rendered":"<p>L\u00e4mpim\u00e4sti tervetuloa Kangasniemen apteekkiin! L\u00e4mpim\u00e4sti tervetuloa Kangasniemen apteekkiin, jossa hyvinvointi on l\u00e4hell\u00e4 syd\u00e4nt\u00e4. Meill\u00e4 saat luotettavaa neuvontaa, laadukkaat tuotteet ja yst\u00e4v\u00e4llisen palvelun \u2013 olitpa sitten kotikyl\u00e4n arjessa tai m\u00f6kkimatkalla. Apteekkimme ammattitaitoinen henkil\u00f6kunta auttaa sinua niin itsehoitoon kuin reseptil\u00e4\u00e4kkeisiinkin liittyviss\u00e4 asioissa. Kun tarvitset neuvoja ja opastusta l\u00e4\u00e4kkeidesi k\u00e4yt\u00f6ss\u00e4 tai sairautesi itsehoidossa, pist\u00e4ydy apteekissamme. Olemme t\u00e4\u00e4ll\u00e4 sinua [&hellip;]<\/p>\n","protected":false},"author":1,"featured_media":0,"parent":0,"menu_order":0,"comment_status":"closed","ping_status":"open","template":"","meta":{"_et_pb_use_builder":"on","_et_pb_old_content":"<!-- wp:paragraph -->\n<p>This is an example page. It's different from a blog post because it will stay in one place and will show up in your site navigation (in most themes). Most people start with an About page that introduces them to potential site visitors. It might say something like this:<\/p>\n<!-- \/wp:paragraph -->\n\n<!-- wp:quote -->\n<blockquote class=\"wp-block-quote\">\n<!-- wp:paragraph -->\n<p>Hi there! I'm a bike messenger by day, aspiring actor by night, and this is my website. I live in Los Angeles, have a great dog named Jack, and I like pi&#241;a coladas. (And gettin' caught in the rain.)<\/p>\n<!-- \/wp:paragraph -->\n<\/blockquote>\n<!-- \/wp:quote -->\n\n<!-- wp:paragraph -->\n<p>...or something like this:<\/p>\n<!-- \/wp:paragraph -->\n\n<!-- wp:quote -->\n<blockquote class=\"wp-block-quote\">\n<!-- wp:paragraph -->\n<p>The XYZ Doohickey Company was founded in 1971, and has been providing quality doohickeys to the public ever since. Located in Gotham City, XYZ employs over 2,000 people and does all kinds of awesome things for the Gotham community.<\/p>\n<!-- \/wp:paragraph -->\n<\/blockquote>\n<!-- \/wp:quote -->\n\n<!-- wp:paragraph -->\n<p>As a new WordPress user, you should go to <a href=\"https:\/\/kangasniemenapteekki.xyz\/wp-admin\/\">your dashboard<\/a> to delete this page and create new pages for your content. Have fun!<\/p>\n<!-- \/wp:paragraph -->","_et_gb_content_width":"","footnotes":""},"class_list":["post-2","page","type-page","status-publish","hentry"],"_links":{"self":[{"href":"https:\/\/kangasniemenapteekki.xyz\/index.php?rest_route=\/wp\/v2\/pages\/2","targetHints":{"allow":["GET"]}}],"collection":[{"href":"https:\/\/kangasniemenapteekki.xyz\/index.php?rest_route=\/wp\/v2\/pages"}],"about":[{"href":"https:\/\/kangasniemenapteekki.xyz\/index.php?rest_route=\/wp\/v2\/types\/page"}],"author":[{"embeddable":true,"href":"https:\/\/kangasniemenapteekki.xyz\/index.php?rest_route=\/wp\/v2\/users\/1"}],"replies":[{"embeddable":true,"href":"https:\/\/kangasniemenapteekki.xyz\/index.php?rest_route=%2Fwp%2Fv2%2Fcomments&post=2"}],"version-history":[{"count":9,"href":"https:\/\/kangasniemenapteekki.xyz\/index.php?rest_route=\/wp\/v2\/pages\/2\/revisions"}],"predecessor-version":[{"id":75,"href":"https:\/\/kangasniemenapteekki.xyz\/index.php?rest_route=\/wp\/v2\/pages\/2\/revisions\/75"}],"wp:attachment":[{"href":"https:\/\/kangasniemenapteekki.xyz\/index.php?rest_route=%2Fwp%2Fv2%2Fmedia&parent=2"}],"curies":[{"name":"wp","href":"https:\/\/api.w.org\/{rel}","templated":true}]}}